{"id":8,"date":"2020-01-08T20:57:11","date_gmt":"2020-01-08T20:57:11","guid":{"rendered":"https:\/\/medionik-chur.ch\/wp1\/?page_id=8"},"modified":"2020-01-08T20:57:11","modified_gmt":"2020-01-08T20:57:11","slug":"radionik","status":"publish","type":"page","link":"https:\/\/medionik-chur.ch\/wp1\/radionik\/","title":{"rendered":"Radionik"},"content":{"rendered":"\n<p>Radionik ist eine Technik des Aussendens von Gedanken, Mustern und Schwingungen. Analog den morphogenetischen Feldern wie Rupert Sheldrake sie beschreibt, besitzt jeder und alles ein Energiefeld, in dem alle Informationen abgespeichert sind. Radionik kann diese Felder lesen und neu informieren. Die Neu-Information dieser Felder bewirkt eine positive Ver\u00e4nderung dessen, was bisher durch fehlerhafte Informationen zu unbefriedigenden Ergebnissen f\u00fchrte.<\/p>\n\n\n\n<p>Radionik-Systeme, z.B. Medionik, unterst\u00fctzen mit Hilfe von Datenbanken ihre Anwender bei der Beratung und der Mittelauswahl zur energetischen Harmonisierung. Sie unterst\u00fctzen Menschen bei der L\u00f6sung von Energie- und Informationsblockaden sowie bei der Vitalit\u00e4tssteigerung.<\/p>\n\n\n\n<p>Mit Radionik k\u00f6nnen Menschen, Tiere und Objekte ausbalanciert werden. Objekte k\u00f6nnen R\u00e4ume, Geb\u00e4ude, Pflanzen, G\u00e4rten, aber auch Unternehmen sein.<\/p>\n\n\n\n<p><strong>Grunds\u00e4tzliches zur Radionik<\/strong><\/p>\n\n\n\n<p>&#8222;Tats\u00e4chlich gibt es \u00fcberhaupt keine Materie. Alles und jedes ist aus Schwingungen zusammengesetzt.&#8220; (Max Planck, 1858 bis 1947, bedeutender deutscher Physiker und Nobelpreistr\u00e4ger, er wird als Begr\u00fcnder der Quantenphysik betrachtet).<\/p>\n\n\n\n<p>Der Biologe Rupert Sheldrake geht in seinen Studien, auf denen die Radionik basiert davon aus, dass jeder K\u00f6rper, belebt oder unbelebt, also jeder Mensch, jedes Tier, jede Pflanze, jedes Ding von einem feinstofflichen Energiefeld umgeben ist. Man nennt es das morphische Feld, das Nullpunktfeld, das Biofeld, das Schwingungsfeld oder auch das Innere Datenfeld.<\/p>\n\n\n\n<p>Der russische Forscher Kirlian machte das Lebensenergiefeld (jedenfalls einen Teil davon) mit Hilfe der Aura-Fotografie oder Kirlian-Fotografie sichtbar. <br>Allen Konzepten gemeinsam ist es ein Feld, das sowohl Energie als auch Informationen enth\u00e4lt und vermittelt. Die Grundlage daf\u00fcr, dass eine \u00dcbertragung \u00fcberhaupt m\u00f6glich wird, ist Resonanz, das gemeinsame Schwingen \u00e4hnlicher Formen und Strukturen.<\/p>\n","protected":false},"excerpt":{"rendered":"<p>Radionik ist eine Technik des Aussendens von Gedanken, Mustern und Schwingungen. Analog den morphogenetischen Feldern wie Rupert Sheldrake sie beschreibt, besitzt jeder und alles ein Energiefeld, in dem alle Informationen abgespeichert sind. Radionik kann diese Felder lesen und neu informieren. Die Neu-Information dieser Felder bewirkt eine positive Ver\u00e4nderung dessen, was bisher durch fehlerhafte Informationen zu &hellip; <\/p>\n<p class=\"link-more\"><a href=\"https:\/\/medionik-chur.ch\/wp1\/radionik\/\" class=\"more-link\"><span class=\"screen-reader-text\">\u201eRadionik\u201c<\/span> weiterlesen<\/a><\/p>\n","protected":false},"author":1,"featured_media":0,"parent":0,"menu_order":0,"comment_status":"closed","ping_status":"closed","template":"","meta":{"footnotes":""},"class_list":["post-8","page","type-page","status-publish","hentry"],"_links":{"self":[{"href":"https:\/\/medionik-chur.ch\/wp1\/wp-json\/wp\/v2\/pages\/8","targetHints":{"allow":["GET"]}}],"collection":[{"href":"https:\/\/medionik-chur.ch\/wp1\/wp-json\/wp\/v2\/pages"}],"about":[{"href":"https:\/\/medionik-chur.ch\/wp1\/wp-json\/wp\/v2\/types\/page"}],"author":[{"embeddable":true,"href":"https:\/\/medionik-chur.ch\/wp1\/wp-json\/wp\/v2\/users\/1"}],"replies":[{"embeddable":true,"href":"https:\/\/medionik-chur.ch\/wp1\/wp-json\/wp\/v2\/comments?post=8"}],"version-history":[{"count":1,"href":"https:\/\/medionik-chur.ch\/wp1\/wp-json\/wp\/v2\/pages\/8\/revisions"}],"predecessor-version":[{"id":9,"href":"https:\/\/medionik-chur.ch\/wp1\/wp-json\/wp\/v2\/pages\/8\/revisions\/9"}],"wp:attachment":[{"href":"https:\/\/medionik-chur.ch\/wp1\/wp-json\/wp\/v2\/media?parent=8"}],"curies":[{"name":"wp","href":"https:\/\/api.w.org\/{rel}","templated":true}]}}