{"id":47,"date":"2020-01-21T19:46:39","date_gmt":"2020-01-21T19:46:39","guid":{"rendered":"https:\/\/medionik-chur.ch\/wp1\/?page_id=47"},"modified":"2020-01-21T19:50:49","modified_gmt":"2020-01-21T19:50:49","slug":"bioresonanz-und-elektrosmog","status":"publish","type":"page","link":"https:\/\/medionik-chur.ch\/wp1\/bioresonanz-und-elektrosmog\/","title":{"rendered":"Bioresonanz und Elektrosmog"},"content":{"rendered":"\n<p>Elektrosmog entsteht dort, wo elektrische Energie erzeugt, umgeformt, transportiert und verbraucht wird, d.h. \u00a0in\u00a0Generatoren, Transformern, Wechselrichtern, elektrischen Leitungen und Ger\u00e4ten aller Art. Die so entstandenen\u00a0Streufelder wirken sich auf die K\u00f6rperzellen von Lebewesen, Pflanzen und Lebensmitteln aus.<\/p>\n\n\n\n<p>Der negative Einfluss dieser Streufelder kann nicht durch handels\u00fcbliche physikalische oder elektrotechnische\u00a0Verfahren gemessen und in Einheiten wie Mikrotesla, Volt pro Meter, Mikrowatt pro Quadratmeter, etc.\u00a0angegeben werden. Zur Bestimmung der Einfl\u00fcsse auf das Bio-Resonanz-Feld von Mensch und Tier werden\u00a0biophysikalische oder medizinische Messverfahren angewendet.<\/p>\n\n\n\n<p>In der Naturheilkunde sowie der Bioresonanz-Therapie wurde Elektrosmog schon vor l\u00e4ngerer Zeit neu definiert\u00a0und als Zell-Informations-St\u00f6rung wahrgenommen und bezeichnet. Das heisst, dass durch gestreute\u00a0elektromagnetische Felder K\u00f6rperzellen gest\u00f6rt werden k\u00f6nnen. Diese seit gut zwei Jahrzehnten erforschte\u00a0Technologie hat nun Einzug in den Alltag gefunden. Mit den i-like Convertern werden Elektrosmog-\u00a0St\u00f6rfrequenzen erkannt. Negative, st\u00f6rende Einfl\u00fcsse werden mit den Convertern (Wandlern) neutralisiert.<\/p>\n\n\n\n<p>Weitere Informationen finden Sie <a href=\"https:\/\/tbolliger.i-like.net\/webshop\/chip\/002\">hier >><\/a><br>Verbinden mit <a href=\"https:\/\/tbolliger.i-like.net\/\">https:\/\/tbolliger.i-like.net\/<\/a><\/p>\n","protected":false},"excerpt":{"rendered":"<p>Elektrosmog entsteht dort, wo elektrische Energie erzeugt, umgeformt, transportiert und verbraucht wird, d.h. \u00a0in\u00a0Generatoren, Transformern, Wechselrichtern, elektrischen Leitungen und Ger\u00e4ten aller Art. Die so entstandenen\u00a0Streufelder wirken sich auf die K\u00f6rperzellen von Lebewesen, Pflanzen und Lebensmitteln aus. Der negative Einfluss dieser Streufelder kann nicht durch handels\u00fcbliche physikalische oder elektrotechnische\u00a0Verfahren gemessen und in Einheiten wie Mikrotesla, Volt &hellip; <\/p>\n<p class=\"link-more\"><a href=\"https:\/\/medionik-chur.ch\/wp1\/bioresonanz-und-elektrosmog\/\" class=\"more-link\"><span class=\"screen-reader-text\">\u201eBioresonanz und Elektrosmog\u201c<\/span> weiterlesen<\/a><\/p>\n","protected":false},"author":1,"featured_media":0,"parent":0,"menu_order":0,"comment_status":"closed","ping_status":"closed","template":"","meta":{"footnotes":""},"class_list":["post-47","page","type-page","status-publish","hentry"],"_links":{"self":[{"href":"https:\/\/medionik-chur.ch\/wp1\/wp-json\/wp\/v2\/pages\/47","targetHints":{"allow":["GET"]}}],"collection":[{"href":"https:\/\/medionik-chur.ch\/wp1\/wp-json\/wp\/v2\/pages"}],"about":[{"href":"https:\/\/medionik-chur.ch\/wp1\/wp-json\/wp\/v2\/types\/page"}],"author":[{"embeddable":true,"href":"https:\/\/medionik-chur.ch\/wp1\/wp-json\/wp\/v2\/users\/1"}],"replies":[{"embeddable":true,"href":"https:\/\/medionik-chur.ch\/wp1\/wp-json\/wp\/v2\/comments?post=47"}],"version-history":[{"count":3,"href":"https:\/\/medionik-chur.ch\/wp1\/wp-json\/wp\/v2\/pages\/47\/revisions"}],"predecessor-version":[{"id":51,"href":"https:\/\/medionik-chur.ch\/wp1\/wp-json\/wp\/v2\/pages\/47\/revisions\/51"}],"wp:attachment":[{"href":"https:\/\/medionik-chur.ch\/wp1\/wp-json\/wp\/v2\/media?parent=47"}],"curies":[{"name":"wp","href":"https:\/\/api.w.org\/{rel}","templated":true}]}}