{"id":19,"date":"2020-01-08T21:02:14","date_gmt":"2020-01-08T21:02:14","guid":{"rendered":"https:\/\/medionik-chur.ch\/wp1\/?page_id=19"},"modified":"2020-01-27T15:53:40","modified_gmt":"2020-01-27T15:53:40","slug":"aloe-vera","status":"publish","type":"page","link":"https:\/\/medionik-chur.ch\/wp1\/aloe-vera\/","title":{"rendered":"Aloe Vera"},"content":{"rendered":"\n<p>Als Erg\u00e4nzung und Erweiterung zu unserem Medionik- Angebot, das im feinstofflichen Bereich wirkt, machen wir als Vertriebspartner von Forever Living Products (Switzerland) Sie gerne auf die wunderbare <strong>Aloe Vera Pflanze<\/strong> aufmerksam. Die naturnahen Produkte aus der <strong>W\u00fcstenlilie Aloe Vera<\/strong> unterst\u00fctzen auf der k\u00f6rperlichen Ebene alle Vorg\u00e4nge in menschlichen, tierischen und pflanzlichen Organismen. Sie helfen mit, innerlich und \u00e4usserlich die Schutzfunktionen des K\u00f6rpers zu aktivieren, die Gesundheit zu st\u00e4rken, die Vitalit\u00e4t aufzubauen und das Wohlbefinden zu verbessern oder zu erhalten.<\/p>\n\n\n\n<p>Sie k\u00f6nnen sich bei uns \u00fcber\u00a0<strong>Aloe Vera<\/strong>\u00a0beraten lassen, die Produkte testen und bei uns direkt beziehen.<\/p>\n\n\n\n<p>Hier finden Sie uns:<\/p>\n\n\n\n<p><br>Aloevera Chur, Therese Bolliger<br>Fad\u00e4raweg 5, 7000 Chur<br>Tel. 081\u00a0353 27 26\u00a0\u00a0<br> Mail:\u00a0\u00a0<a rel=\"noreferrer noopener\" href=\"mailto:thb@aloevera-chur.ch\" target=\"_blank\">thb@aloevera-chur.ch<\/a>\u00a0\u00a0\u00a0 Homepage:\u00a0<a rel=\"noreferrer noopener\" href=\"http:\/\/aloevera-chur.ch\/\" target=\"_blank\">http:\/\/aloevera-chur.ch<\/a><\/p>\n\n\n\n<p>Wir freuen uns, wenn wir von Ihnen h\u00f6ren.<\/p>\n","protected":false},"excerpt":{"rendered":"<p>Als Erg\u00e4nzung und Erweiterung zu unserem Medionik- Angebot, das im feinstofflichen Bereich wirkt, machen wir als Vertriebspartner von Forever Living Products (Switzerland) Sie gerne auf die wunderbare Aloe Vera Pflanze aufmerksam. Die naturnahen Produkte aus der W\u00fcstenlilie Aloe Vera unterst\u00fctzen auf der k\u00f6rperlichen Ebene alle Vorg\u00e4nge in menschlichen, tierischen und pflanzlichen Organismen. Sie helfen mit, &hellip; <\/p>\n<p class=\"link-more\"><a href=\"https:\/\/medionik-chur.ch\/wp1\/aloe-vera\/\" class=\"more-link\"><span class=\"screen-reader-text\">\u201eAloe Vera\u201c<\/span> weiterlesen<\/a><\/p>\n","protected":false},"author":1,"featured_media":0,"parent":0,"menu_order":0,"comment_status":"closed","ping_status":"closed","template":"","meta":{"footnotes":""},"class_list":["post-19","page","type-page","status-publish","hentry"],"_links":{"self":[{"href":"https:\/\/medionik-chur.ch\/wp1\/wp-json\/wp\/v2\/pages\/19","targetHints":{"allow":["GET"]}}],"collection":[{"href":"https:\/\/medionik-chur.ch\/wp1\/wp-json\/wp\/v2\/pages"}],"about":[{"href":"https:\/\/medionik-chur.ch\/wp1\/wp-json\/wp\/v2\/types\/page"}],"author":[{"embeddable":true,"href":"https:\/\/medionik-chur.ch\/wp1\/wp-json\/wp\/v2\/users\/1"}],"replies":[{"embeddable":true,"href":"https:\/\/medionik-chur.ch\/wp1\/wp-json\/wp\/v2\/comments?post=19"}],"version-history":[{"count":4,"href":"https:\/\/medionik-chur.ch\/wp1\/wp-json\/wp\/v2\/pages\/19\/revisions"}],"predecessor-version":[{"id":61,"href":"https:\/\/medionik-chur.ch\/wp1\/wp-json\/wp\/v2\/pages\/19\/revisions\/61"}],"wp:attachment":[{"href":"https:\/\/medionik-chur.ch\/wp1\/wp-json\/wp\/v2\/media?parent=19"}],"curies":[{"name":"wp","href":"https:\/\/api.w.org\/{rel}","templated":true}]}}