{"id":10,"date":"2020-01-08T20:57:43","date_gmt":"2020-01-08T20:57:43","guid":{"rendered":"https:\/\/medionik-chur.ch\/wp1\/?page_id=10"},"modified":"2020-01-27T15:59:44","modified_gmt":"2020-01-27T15:59:44","slug":"angebot","status":"publish","type":"page","link":"https:\/\/medionik-chur.ch\/wp1\/angebot\/","title":{"rendered":"Angebot"},"content":{"rendered":"\n<h2 class=\"wp-block-heading\">Anwendungsbeispiele<\/h2>\n\n\n\n<ul class=\"wp-block-list\"><li>Schutz vor Erdstrahlen, Wasseradern, Wohngiften, Pilzen<\/li><li>Schutz vor Elektrosmog und Magnetstrahlen<\/li><li>Entst\u00f6rung von Grundst\u00fccken und Geb\u00e4uden<\/li><li>Entst\u00f6rung von Arbeits-, Wohn- und Schlafr\u00e4umen<\/li><li>Entst\u00f6rung von elektronischen Ger\u00e4ten (Handy, Computer usw.)<\/li><li>Abbau von Pr\u00fcfungsangst und Stress<\/li><li>Unterst\u00fctzung beim F\u00fchren von schwierigen Gespr\u00e4chen<\/li><li>Unterst\u00fctzung in privaten und beruflichen Beziehungen<\/li><li>Unterst\u00fctzung bei der Behandlung von gesundheitlichen St\u00f6rungen<\/li><li>Unterst\u00fctzung bei der Behandlung von Behinderungen (z.B. H\u00f6rprobleme, Tinnitus, etc.)<\/li><li>Unterst\u00fctzung bei der Raucherentw\u00f6hnung, bei der Regulierung des Gewichts usw.<\/li><li>Unterst\u00fctzung bei der Behandlung von Tieren und Pflanzen<\/li><\/ul>\n\n\n\n<h2 class=\"wp-block-heading\">Tarife <\/h2>\n\n\n\n<figure class=\"wp-block-table\"><table class=\"\"><tbody><tr><td>    <strong>Tarife f\u00fcr Erwachsene<\/strong>  <\/td><td>&nbsp;<\/td><td>&nbsp;<\/td><\/tr><tr><td>  Aurafotografie, inkl. Gespr\u00e4ch, Bericht und einmalige Besendung<\/td><td>CHF <br><\/td><td>\u00a060<\/td><\/tr><tr><td>   Medionikanalyse, inkl. Aurafotografie, Gespr\u00e4ch, Bericht und einmalige Besendung<\/td><td>CHF <br><\/td><td>350<\/td><\/tr><tr><td>  Dreimonatige Beratung, inkl. medionische Besendungen<\/td><td>CHF <\/td><td>240<\/td><\/tr><tr><td>  Aufschwingen von Medionischen Informationen auf Datentr\u00e4ger<\/td><td>&nbsp;CHF<br> <\/td><td>\u00a040<\/td><\/tr><tr><td>        Spezialtarife <\/td><td>&nbsp;<\/td><td>&nbsp;<\/td><\/tr><tr><td>  Kinder bis zum 12. Geburtstag <\/td><td>  2\/3 der Erwachsenen-Tarife<\/td><\/tr><tr><td>  Tiere, G\u00e4rten, Pflanzen <\/td><td>2\/3 der Erwachsenen-Tarife<\/td><\/tr><tr><td>  Tarife f\u00fcr baubiologische Abkl\u00e4rungen und Sanierungen <\/td><td>&nbsp;  auf Anfrage<\/td><\/tr><tr><td>\u00a0Grund-Pauschale Region Chur<br><br>zus\u00e4tzlich f\u00fcr Messung und Beratung pro Raum<\/td><td>&nbsp;<\/td><td>80<br><br>95<\/td><\/tr><\/tbody><\/table><\/figure>\n","protected":false},"excerpt":{"rendered":"<p>Anwendungsbeispiele Schutz vor Erdstrahlen, Wasseradern, Wohngiften, Pilzen Schutz vor Elektrosmog und Magnetstrahlen Entst\u00f6rung von Grundst\u00fccken und Geb\u00e4uden Entst\u00f6rung von Arbeits-, Wohn- und Schlafr\u00e4umen Entst\u00f6rung von elektronischen Ger\u00e4ten (Handy, Computer usw.) Abbau von Pr\u00fcfungsangst und Stress Unterst\u00fctzung beim F\u00fchren von schwierigen Gespr\u00e4chen Unterst\u00fctzung in privaten und beruflichen Beziehungen Unterst\u00fctzung bei der Behandlung von gesundheitlichen St\u00f6rungen Unterst\u00fctzung &hellip; <\/p>\n<p class=\"link-more\"><a href=\"https:\/\/medionik-chur.ch\/wp1\/angebot\/\" class=\"more-link\"><span class=\"screen-reader-text\">\u201eAngebot\u201c<\/span> weiterlesen<\/a><\/p>\n","protected":false},"author":1,"featured_media":0,"parent":0,"menu_order":0,"comment_status":"closed","ping_status":"closed","template":"","meta":{"footnotes":""},"class_list":["post-10","page","type-page","status-publish","hentry"],"_links":{"self":[{"href":"https:\/\/medionik-chur.ch\/wp1\/wp-json\/wp\/v2\/pages\/10","targetHints":{"allow":["GET"]}}],"collection":[{"href":"https:\/\/medionik-chur.ch\/wp1\/wp-json\/wp\/v2\/pages"}],"about":[{"href":"https:\/\/medionik-chur.ch\/wp1\/wp-json\/wp\/v2\/types\/page"}],"author":[{"embeddable":true,"href":"https:\/\/medionik-chur.ch\/wp1\/wp-json\/wp\/v2\/users\/1"}],"replies":[{"embeddable":true,"href":"https:\/\/medionik-chur.ch\/wp1\/wp-json\/wp\/v2\/comments?post=10"}],"version-history":[{"count":3,"href":"https:\/\/medionik-chur.ch\/wp1\/wp-json\/wp\/v2\/pages\/10\/revisions"}],"predecessor-version":[{"id":62,"href":"https:\/\/medionik-chur.ch\/wp1\/wp-json\/wp\/v2\/pages\/10\/revisions\/62"}],"wp:attachment":[{"href":"https:\/\/medionik-chur.ch\/wp1\/wp-json\/wp\/v2\/media?parent=10"}],"curies":[{"name":"wp","href":"https:\/\/api.w.org\/{rel}","templated":true}]}}